{"id":327,"date":"2026-02-18T11:10:18","date_gmt":"2026-02-18T10:10:18","guid":{"rendered":"https:\/\/izi-group.fr\/izigroupsas\/?page_id=327"},"modified":"2026-03-17T08:34:34","modified_gmt":"2026-03-17T07:34:34","slug":"mailing-list","status":"publish","type":"page","link":"https:\/\/izi-group.fr\/izigroupsas\/mailing-list\/","title":{"rendered":"Mailing List"},"content":{"rendered":"\n<p>Vous rechercher un acc\u00e9l\u00e9rateur de d\u00e9veloppement B2B g\u00e9n\u00e9rateur d&rsquo;opportunit\u00e9s qualifi\u00e9es avec un co\u00fbt d&rsquo;acquisition optimis\u00e9?  Remplissez le formulaire ci -dessous et vous recevrez un devis d\u00e9taill\u00e9 avec les diff\u00e9rentes options.<\/p>\n\n\n\n<div class=\"wp-block-contact-form-7-contact-form-selector\">\n<div class=\"wpcf7 no-js\" id=\"wpcf7-f326-o1\" lang=\"fr-FR\" dir=\"ltr\" data-wpcf7-id=\"326\">\n<div class=\"screen-reader-response\"><p role=\"status\" aria-live=\"polite\" aria-atomic=\"true\"><\/p> <ul><\/ul><\/div>\n<form action=\"\/izigroupsas\/wp-json\/wp\/v2\/pages\/327#wpcf7-f326-o1\" method=\"post\" class=\"wpcf7-form init\" aria-label=\"Formulaire de contact\" novalidate=\"novalidate\" data-status=\"init\">\n<fieldset class=\"hidden-fields-container\"><input type=\"hidden\" name=\"_wpcf7\" value=\"326\" \/><input type=\"hidden\" name=\"_wpcf7_version\" value=\"6.1.5\" \/><input type=\"hidden\" name=\"_wpcf7_locale\" value=\"fr_FR\" \/><input type=\"hidden\" name=\"_wpcf7_unit_tag\" value=\"wpcf7-f326-o1\" \/><input type=\"hidden\" name=\"_wpcf7_container_post\" value=\"0\" \/><input type=\"hidden\" name=\"_wpcf7_posted_data_hash\" value=\"\" \/>\n<\/fieldset>\n<p><label> Votre nom et prenom<br \/>\n<span class=\"wpcf7-form-control-wrap\" data-name=\"your-name\"><input size=\"40\" maxlength=\"400\" class=\"wpcf7-form-control wpcf7-text wpcf7-validates-as-required\" aria-required=\"true\" aria-invalid=\"false\" value=\"\" type=\"text\" name=\"your-name\" \/><\/span> <\/label><br \/>\n<label> Votre e-mail<br \/>\n<span class=\"wpcf7-form-control-wrap\" data-name=\"your-email\"><input size=\"40\" maxlength=\"400\" class=\"wpcf7-form-control wpcf7-email wpcf7-validates-as-required wpcf7-text wpcf7-validates-as-email\" aria-required=\"true\" aria-invalid=\"false\" value=\"\" type=\"email\" name=\"your-email\" \/><\/span> <\/label><br \/>\n<label> e-mail du service commercial<br \/>\n<span class=\"wpcf7-form-control-wrap\" data-name=\"your-email2\"><input size=\"40\" maxlength=\"400\" class=\"wpcf7-form-control wpcf7-email wpcf7-validates-as-required wpcf7-text wpcf7-validates-as-email\" aria-required=\"true\" aria-invalid=\"false\" value=\"\" type=\"email\" name=\"your-email2\" \/><\/span> <\/label><br \/>\n<label> Votre t\u00e9l\u00e9phone<br \/>\n<span class=\"wpcf7-form-control-wrap\" data-name=\"your-phone\"><input size=\"40\" maxlength=\"400\" class=\"wpcf7-form-control wpcf7-text wpcf7-validates-as-required\" aria-required=\"true\" aria-invalid=\"false\" value=\"\" type=\"text\" name=\"your-phone\" \/><\/span> <\/label><br \/>\n<label> Nom de votre entreprise<br \/>\n<span class=\"wpcf7-form-control-wrap\" data-name=\"your-compagny\"><input size=\"40\" maxlength=\"400\" class=\"wpcf7-form-control wpcf7-text wpcf7-validates-as-required\" aria-required=\"true\" aria-invalid=\"false\" value=\"\" type=\"text\" name=\"your-compagny\" \/><\/span> <\/label><br \/>\n<label> Objet<br \/>\n<span class=\"wpcf7-form-control-wrap\" data-name=\"your-subject\"><input size=\"40\" maxlength=\"400\" class=\"wpcf7-form-control wpcf7-text wpcf7-validates-as-required\" aria-required=\"true\" aria-invalid=\"false\" value=\"\" type=\"text\" name=\"your-subject\" \/><\/span> <\/label><br \/>\n<label> Entrez les codes NAF (choisir sur : https:\/\/blog.easyfichiers.com\/wp-content\/uploads\/2014\/08\/Liste-code-naf-ape.pdf<br \/>\n<span class=\"wpcf7-form-control-wrap\" data-name=\"your-message1\"><textarea cols=\"40\" rows=\"10\" maxlength=\"2000\" class=\"wpcf7-form-control wpcf7-textarea\" aria-invalid=\"false\" name=\"your-message1\"><\/textarea><\/span> <\/label><br \/>\n<label> Entrez la taille des entreprises ( 0 \u00e0 9-10 \u00e0 240- 250 \u00e0 4999, 5000 et + salari\u00e9s)<br \/>\n<span class=\"wpcf7-form-control-wrap\" data-name=\"your-message2\"><textarea cols=\"40\" rows=\"10\" maxlength=\"2000\" class=\"wpcf7-form-control wpcf7-textarea\" aria-invalid=\"false\" name=\"your-message2\"><\/textarea><\/span> <\/label><br \/>\n<label> Entreprises 2.0<br \/>\n<span class=\"wpcf7-form-control-wrap\" data-name=\"select-705\"><select class=\"wpcf7-form-control wpcf7-select wpcf7-validates-as-required\" aria-required=\"true\" aria-invalid=\"false\" name=\"select-705\"><option value=\"Toutes\">Toutes<\/option><option value=\"E-commerces\">E-commerces<\/option><option value=\"Avec site web\">Avec site web<\/option><option value=\"Avec r\u00e9seaux sociaux\">Avec r\u00e9seaux sociaux<\/option><\/select><\/span><br \/>\n<\/label><label> Localisation<br \/>\n<span class=\"wpcf7-form-control-wrap\" data-name=\"select-949\"><select class=\"wpcf7-form-control wpcf7-select wpcf7-validates-as-required\" aria-required=\"true\" aria-invalid=\"false\" name=\"select-949\"><option value=\"Par r\u00e9gion\">Par r\u00e9gion<\/option><option value=\"Par d\u00e9partement\">Par d\u00e9partement<\/option><option value=\"Par ville\">Par ville<\/option><\/select><\/span><br \/>\n<\/label><label> Notez votre choix dans la localisation (ex: Occitanie ou Bouches du Rhone ou Lyon)<br \/>\n<span class=\"wpcf7-form-control-wrap\" data-name=\"your-message3\"><textarea cols=\"40\" rows=\"10\" maxlength=\"2000\" class=\"wpcf7-form-control wpcf7-textarea\" aria-invalid=\"false\" name=\"your-message3\"><\/textarea><\/span> <\/label><br \/>\n<label> S\u00e9lectionnez l'\u00e9quipe dirigeante<br \/>\n<span class=\"wpcf7-form-control-wrap\" data-name=\"select-476\"><select class=\"wpcf7-form-control wpcf7-select\" aria-invalid=\"false\" name=\"select-476\"><option value=\"\">Choisir l&#039;option<\/option><option value=\"Sans choix\">Sans choix<\/option><option value=\"Dir G\u00e9n\u00e9rale\">Dir G\u00e9n\u00e9rale<\/option><option value=\"Dir Admin\">Dir Admin<\/option><option value=\"Dir Commerciale\">Dir Commerciale<\/option><option value=\"Dir Juridique\">Dir Juridique<\/option><option value=\"Dir R&amp;D\">Dir R&amp;D<\/option><option value=\"Dir Technique\">Dir Technique<\/option><\/select><\/span><br \/>\n<\/label><label> S\u00e9lectionnez la valeur du produit ou du service propos\u00e9 \u00e0 votre cible B2B.<br \/>\n<span class=\"wpcf7-form-control-wrap\" data-name=\"select-29\"><select class=\"wpcf7-form-control wpcf7-select\" aria-invalid=\"false\" name=\"select-29\"><option value=\"Sans option\">Sans option<\/option><option value=\"de 10\u20ac \u00e0 100\u20ac\">de 10\u20ac \u00e0 100\u20ac<\/option><option value=\"de 100\u20ac \u00e0 400\u20ac\">de 100\u20ac \u00e0 400\u20ac<\/option><option value=\"de 400\u20ac \u00e0 1000\u20ac\">de 400\u20ac \u00e0 1000\u20ac<\/option><option value=\"de 1000\u20ac \u00e0 5000\u20ac\">de 1000\u20ac \u00e0 5000\u20ac<\/option><option value=\"de 5000\u20ac \u00e0 10 000\u20ac\">de 5000\u20ac \u00e0 10 000\u20ac<\/option><option value=\"Plus de 10 000\u20ac\">Plus de 10 000\u20ac<\/option><\/select><\/span><br \/>\n<input class=\"wpcf7-form-control wpcf7-submit has-spinner\" type=\"submit\" value=\"Envoyer\" \/><\/label>\n<\/p><p style=\"display: none !important;\" class=\"akismet-fields-container\" data-prefix=\"_wpcf7_ak_\"><label>&#916;<textarea name=\"_wpcf7_ak_hp_textarea\" cols=\"45\" rows=\"8\" maxlength=\"100\"><\/textarea><\/label><input type=\"hidden\" id=\"ak_js_1\" name=\"_wpcf7_ak_js\" value=\"243\"\/><script>document.getElementById( \"ak_js_1\" ).setAttribute( \"value\", ( new Date() ).getTime() );<\/script><\/p><div class=\"wpcf7-response-output\" aria-hidden=\"true\"><\/div>\n<\/form>\n<\/div>\n<\/div>\n\n\n\n<p>Nous vous r\u00e9pondons dans les 24H \u00e0 48Hmaximum.<\/p>\n\n\n\n<p><\/p>\n","protected":false},"excerpt":{"rendered":"<p>Vous rechercher un acc\u00e9l\u00e9rateur de d\u00e9veloppement B2B g\u00e9n\u00e9rateur d&rsquo;opportunit\u00e9s qualifi\u00e9es avec un co\u00fbt d&rsquo;acquisition optimis\u00e9? Remplissez le formulaire ci -dessous et vous recevrez un devis d\u00e9taill\u00e9 avec les diff\u00e9rentes options. Nous vous r\u00e9pondons dans les 24H \u00e0 48Hmaximum.<\/p>\n","protected":false},"author":1,"featured_media":0,"parent":0,"menu_order":0,"comment_status":"closed","ping_status":"closed","template":"","meta":{"_seopress_robots_primary_cat":"","_seopress_titles_title":"","_seopress_titles_desc":"","_seopress_robots_index":"","footnotes":""},"class_list":["post-327","page","type-page","status-publish","hentry"],"_links":{"self":[{"href":"https:\/\/izi-group.fr\/izigroupsas\/wp-json\/wp\/v2\/pages\/327","targetHints":{"allow":["GET"]}}],"collection":[{"href":"https:\/\/izi-group.fr\/izigroupsas\/wp-json\/wp\/v2\/pages"}],"about":[{"href":"https:\/\/izi-group.fr\/izigroupsas\/wp-json\/wp\/v2\/types\/page"}],"author":[{"embeddable":true,"href":"https:\/\/izi-group.fr\/izigroupsas\/wp-json\/wp\/v2\/users\/1"}],"replies":[{"embeddable":true,"href":"https:\/\/izi-group.fr\/izigroupsas\/wp-json\/wp\/v2\/comments?post=327"}],"version-history":[{"count":2,"href":"https:\/\/izi-group.fr\/izigroupsas\/wp-json\/wp\/v2\/pages\/327\/revisions"}],"predecessor-version":[{"id":341,"href":"https:\/\/izi-group.fr\/izigroupsas\/wp-json\/wp\/v2\/pages\/327\/revisions\/341"}],"wp:attachment":[{"href":"https:\/\/izi-group.fr\/izigroupsas\/wp-json\/wp\/v2\/media?parent=327"}],"curies":[{"name":"wp","href":"https:\/\/api.w.org\/{rel}","templated":true}]}}